{"id":137,"date":"2023-04-27T09:42:28","date_gmt":"2023-04-27T07:42:28","guid":{"rendered":"http:\/\/nowa.ente.org.pl\/?page_id=137"},"modified":"2023-04-27T09:44:19","modified_gmt":"2023-04-27T07:44:19","slug":"what-is-our-school","status":"publish","type":"page","link":"http:\/\/ente.org.pl\/index.php\/what-is-our-school\/","title":{"rendered":"O nas"},"content":{"rendered":"\n<p>Ente jest miejscem, gdzie dzieci przejmuj\u0105 odpowiedzialno\u015b\u0107 za sw\u00f3j dzie\u0144 powszedni \u2013 wykonuj\u0105 codzienne aktywno\u015bci takie jak: jedzenie, ubieranie si\u0119, sprz\u0105tanie, nakrywanie do sto\u0142u \u2013 w ten spos\u00f3b dzieci nabywaj\u0105 wielu umiej\u0119tno\u015bci niezb\u0119dnych w dalszym \u017cyciu: przyporz\u0105dkowywanie, liczenie, odpowiedzialno\u015b\u0107, podejmowanie decyzji, sprawno\u015b\u0107 manualna, samoobs\u0142uga, dogadywanie si\u0119 z innymi, czekanie na swoj\u0105 kolej, a przede wszystkim tak niezb\u0119dna wiara w siebie i w swoje mo\u017cliwo\u015bci.<\/p>\n\n\n\n<p>Du\u017c\u0105 wag\u0119 przyk\u0142adamy do rozumienia sygna\u0142\u00f3w z w\u0142asnego cia\u0142a i reagowania na nie, dlatego dzieci maj\u0105 mo\u017cliwo\u015b\u0107 samodzielnego komponowania kanapek, samodzielnego decydowania o ilo\u015bci zupy, czy drugiego dania, kt\u00f3re b\u0119d\u0105 jad\u0142y. Kiedy czuj\u0105 si\u0119 zm\u0119czone, mog\u0105 w ka\u017cdej chwili po\u0142o\u017cy\u0107 si\u0119 i odpocz\u0105\u0107, a kiedy rozpiera je energia (za zgod\u0105 wychowawcy) poszale\u0107 na sali gimnastycznej lub w ogromnym ogrodzie przedszkolnym. Zale\u017cy nam na tym, aby dzieci rozumia\u0142y w\u0142asne potrzeby i potrafi\u0142y je komunikowa\u0107. W ente uczymy odwagi do wypowiadania w\u0142asnych pogl\u0105d\u00f3w i uczu\u0107. Wa\u017cna dla nas jest r\u00f3wnie\u017c empatia i wzajemny szacunek.<\/p>\n\n\n\n<p>W ente dzieci maj\u0105 przestrze\u0144 do swobodnych zabaw, a jednocze\u015bnie bogate w r\u00f3\u017cnorodne bod\u017ace \u015brodowisko, kt\u00f3re stymuluje je do <strong>w\u0142asnej pracy<\/strong>, kt\u00f3r\u0105 planujemy (dzieci z wychowawcami i asystentami) zawsze na pocz\u0105tku tygodnia, ale w ka\u017cdej chwili gotowi jeste\u015bmy do zmiany plan\u00f3w. Dzi\u0119ki <strong>w\u0142asnemu dzia\u0142aniu<\/strong> dzieci rozwijaj\u0105 si\u0119 w zgodzie ze swoimi potrzebami i preferencjami, we w\u0142asnym tempie.<\/p>\n\n\n\n<p>Poprzez swobodn\u0105 zabaw\u0119 i odpowiednie podej\u015bcie pedagogiczne dajemy dzieciom umiej\u0119tno\u015b\u0107 rozumienia samego siebie, rozwi\u0105zywania problem\u00f3w i konflikt\u00f3w, wsp\u00f3\u0142pracy z innymi dzie\u0107mi i doros\u0142ymi. Absolwenci ente potrafi\u0105 my\u015ble\u0107, dyskutowa\u0107, s\u0105 sprawni ruchowo i gotowi na zmiany.<\/p>\n\n\n\n<p><strong>przedszkole wroc\u0142aw , przedszkole niepubliczne wroc\u0142aw , przedszkole prywatne wroc\u0142aw<\/strong><\/p>\n","protected":false},"excerpt":{"rendered":"<p>Ente jest miejscem, gdzie dzieci przejmuj\u0105 odpowiedzialno\u015b\u0107 za sw\u00f3j dzie\u0144 powszedni \u2013 wykonuj\u0105 codzienne aktywno\u015bci takie jak: jedzenie, ubieranie si\u0119, sprz\u0105tanie, nakrywanie do sto\u0142u \u2013 w ten spos\u00f3b dzieci nabywaj\u0105 wielu umiej\u0119tno\u015bci niezb\u0119dnych w dalszym \u017cyciu: przyporz\u0105dkowywanie, liczenie, odpowiedzialno\u015b\u0107, podejmowanie decyzji, sprawno\u015b\u0107 manualna, samoobs\u0142uga, dogadywanie si\u0119 z innymi, czekanie na swoj\u0105 kolej, a przede wszystkim [&hellip;]<\/p>\n","protected":false},"author":1,"featured_media":81,"parent":0,"menu_order":0,"comment_status":"closed","ping_status":"closed","template":"fullsidebar.php","meta":[],"_links":{"self":[{"href":"http:\/\/ente.org.pl\/index.php\/wp-json\/wp\/v2\/pages\/137"}],"collection":[{"href":"http:\/\/ente.org.pl\/index.php\/wp-json\/wp\/v2\/pages"}],"about":[{"href":"http:\/\/ente.org.pl\/index.php\/wp-json\/wp\/v2\/types\/page"}],"author":[{"embeddable":true,"href":"http:\/\/ente.org.pl\/index.php\/wp-json\/wp\/v2\/users\/1"}],"replies":[{"embeddable":true,"href":"http:\/\/ente.org.pl\/index.php\/wp-json\/wp\/v2\/comments?post=137"}],"version-history":[{"count":3,"href":"http:\/\/ente.org.pl\/index.php\/wp-json\/wp\/v2\/pages\/137\/revisions"}],"predecessor-version":[{"id":223,"href":"http:\/\/ente.org.pl\/index.php\/wp-json\/wp\/v2\/pages\/137\/revisions\/223"}],"wp:featuredmedia":[{"embeddable":true,"href":"http:\/\/ente.org.pl\/index.php\/wp-json\/wp\/v2\/media\/81"}],"wp:attachment":[{"href":"http:\/\/ente.org.pl\/index.php\/wp-json\/wp\/v2\/media?parent=137"}],"curies":[{"name":"wp","href":"https:\/\/api.w.org\/{rel}","templated":true}]}}