{"id":132,"date":"2023-04-27T09:35:27","date_gmt":"2023-04-27T07:35:27","guid":{"rendered":"http:\/\/nowa.ente.org.pl\/?page_id=132"},"modified":"2024-05-01T16:16:04","modified_gmt":"2024-05-01T14:16:04","slug":"get-involved","status":"publish","type":"page","link":"https:\/\/ente.org.pl\/index.php\/get-involved\/","title":{"rendered":"Opinie"},"content":{"rendered":"\n<p>Moja c\u00f3rka zacz\u0119\u0142a ucz\u0119szcza\u0107 do przedszkola Ente zanim sko\u0144czy\u0142a 3 lata, \u015bwietnie odnalaz\u0142a si\u0119 w grupie mieszanej wiekowo. Jest nieszcz\u0119\u015bliwa je\u015bli z powodu choroby nie mo\u017ce p\u00f3j\u015b\u0107 do przedszkola. To najwi\u0119ksza dla Niej &#8222;kara&#8221;. Codziennie jest &#8222;kwa\u015bna&#8221; mina, kiedy j\u0105 szybciej odbieramy. Uwielbia jedzenie Pa\u0144 Kucharek, ja sama z rana ch\u0119tnie do\u0142\u0105czy\u0142abym si\u0119 do przedszkolnego \u015bniadania \ud83d\ude42 Podczas wakacyjnych, zagranicznych wyjazd\u00f3w c\u00f3rcia zaskoczy\u0142a nas otwarto\u015bci\u0105 i zrozumieniem, kiedy m\u00f3wiono do Niej po angielsku, potrafi\u0142a odpowiedzie\u0107 i nie czu\u0142a si\u0119 za\u017cenowana tym, \u017ce kto\u015b do Niej nie m\u00f3wi po polsku. B\u0119dzie bardzo ci\u0119\u017cko rozsta\u0107 nam si\u0119 ze wspania\u0142ym personelem i tym miejscem! Na szcz\u0119\u015bcie jeszcze przez rok c\u00f3rka b\u0119dzie w pe\u0142ni korzysta\u0107 z &#8222;dobrodziejstw&#8221; przedszkola Ente!&nbsp;My Jako Rodzice mo\u017cemy si\u0119 tylko cieszy\u0107, \u017ce Nasze dziecko jest w przyjaznym i niesamowitym miejscu, w kt\u00f3rym jest tak szcz\u0119\u015bliwe, a my mamy nieco mniejsze &#8222;wyrzuty sumienia&#8221;, kiedy nie sp\u0119dzamy tego czasu z c\u00f3rk\u0105!<\/p>\n\n\n\n<p><em>Ewa mama Kingi<\/em><\/p>\n\n\n\n<p>Nasza Sonia (2,5l) mia\u0142a w Ente w czwartek taki &#8222;dzie\u0144 na pr\u00f3b\u0119&#8221;. Mog\u0142a sp\u0119dzi\u0107 ca\u0142y dzie\u0144 w grupie razem z rodzicem (pad\u0142o na tat\u0119:)). Zostali wci\u0105gni\u0119ci w wir przedszkolnego \u017cycia ot tak, bardzo naturalnie, przez dzieci i wychowawc\u00f3w. Sonia nie chcia\u0142a wraca\u0107 po obiedzie do domu i nie pomaga\u0142y t\u0142umaczenia Ma\u0107ka, wychowawcy Myszek (<em>nazwa grupy<\/em>), \u017ce przyjdzie do dzieci ju\u017c od czerwca. Jeste\u015bmy na pocz\u0105tku przedszkolnej drogi i pewnie nie raz b\u0119dzie ci\u0119\u017cko, ale mam przekonanie, \u017ce to przedszkole nie b\u0119dzie dodawa\u0107 nam stres\u00f3w \ud83d\ude09<\/p>\n\n\n\n<p><em>Alicja mama Soni<\/em><\/p>\n\n\n\n<p><\/p>\n\n\n\n<p><\/p>\n\n\n\n<p><\/p>\n\n\n\n<br>\n\n\n\n<br>\n\n\n\n<p><strong>przedszkole wroc\u0142aw , przedszkole niepubliczne wroc\u0142aw , przedszkole prywatne wroc\u0142aw<\/strong><\/p>\n","protected":false},"excerpt":{"rendered":"<p>Moja c\u00f3rka zacz\u0119\u0142a ucz\u0119szcza\u0107 do przedszkola Ente zanim sko\u0144czy\u0142a 3 lata, \u015bwietnie odnalaz\u0142a si\u0119 w grupie mieszanej wiekowo. Jest nieszcz\u0119\u015bliwa je\u015bli z powodu choroby nie mo\u017ce p\u00f3j\u015b\u0107 do przedszkola. To najwi\u0119ksza dla Niej &#8222;kara&#8221;. Codziennie jest &#8222;kwa\u015bna&#8221; mina, kiedy j\u0105 szybciej odbieramy. Uwielbia jedzenie Pa\u0144 Kucharek, ja sama z rana ch\u0119tnie do\u0142\u0105czy\u0142abym si\u0119 do przedszkolnego [&hellip;]<\/p>\n","protected":false},"author":1,"featured_media":81,"parent":0,"menu_order":0,"comment_status":"closed","ping_status":"closed","template":"","meta":[],"_links":{"self":[{"href":"https:\/\/ente.org.pl\/index.php\/wp-json\/wp\/v2\/pages\/132"}],"collection":[{"href":"https:\/\/ente.org.pl\/index.php\/wp-json\/wp\/v2\/pages"}],"about":[{"href":"https:\/\/ente.org.pl\/index.php\/wp-json\/wp\/v2\/types\/page"}],"author":[{"embeddable":true,"href":"https:\/\/ente.org.pl\/index.php\/wp-json\/wp\/v2\/users\/1"}],"replies":[{"embeddable":true,"href":"https:\/\/ente.org.pl\/index.php\/wp-json\/wp\/v2\/comments?post=132"}],"version-history":[{"count":9,"href":"https:\/\/ente.org.pl\/index.php\/wp-json\/wp\/v2\/pages\/132\/revisions"}],"predecessor-version":[{"id":231,"href":"https:\/\/ente.org.pl\/index.php\/wp-json\/wp\/v2\/pages\/132\/revisions\/231"}],"wp:featuredmedia":[{"embeddable":true,"href":"https:\/\/ente.org.pl\/index.php\/wp-json\/wp\/v2\/media\/81"}],"wp:attachment":[{"href":"https:\/\/ente.org.pl\/index.php\/wp-json\/wp\/v2\/media?parent=132"}],"curies":[{"name":"wp","href":"https:\/\/api.w.org\/{rel}","templated":true}]}}