{"id":21,"date":"2023-04-26T11:01:36","date_gmt":"2023-04-26T09:01:36","guid":{"rendered":"http:\/\/nowa.ente.org.pl\/?page_id=21"},"modified":"2023-08-27T10:57:42","modified_gmt":"2023-08-27T08:57:42","slug":"szkola","status":"publish","type":"page","link":"https:\/\/ente.org.pl\/index.php\/szkola\/","title":{"rendered":"Szko\u0142a Podstawowa ENTE"},"content":{"rendered":"\n<p><strong>W tej chwili stron\u0119 Szko\u0142y ENTE mo\u017cna znale\u017a\u0107 pod adresem:\u00a0<a href=\"https:\/\/www.labirynt.edu.pl\/\">www.labirynt.edu.pl<\/a><\/strong><\/p>\n\n\n\n<p><\/p>\n\n\n\n<p><\/p>\n\n\n<div class=\"wp-block-image\">\n<figure class=\"alignleft size-full is-resized\"><img decoding=\"async\" loading=\"lazy\" src=\"http:\/\/ente.org.pl\/wp-content\/uploads\/2023\/04\/xxxIMG_0730.jpg\" alt=\"\" class=\"wp-image-69\" width=\"371\" height=\"332\" srcset=\"https:\/\/ente.org.pl\/wp-content\/uploads\/2023\/04\/xxxIMG_0730.jpg 613w, https:\/\/ente.org.pl\/wp-content\/uploads\/2023\/04\/xxxIMG_0730-300x269.jpg 300w\" sizes=\"(max-width: 371px) 100vw, 371px\" \/><\/figure><\/div>","protected":false},"excerpt":{"rendered":"<p>W tej chwili stron\u0119 Szko\u0142y ENTE mo\u017cna znale\u017a\u0107 pod adresem:\u00a0www.labirynt.edu.pl<\/p>\n","protected":false},"author":1,"featured_media":0,"parent":0,"menu_order":0,"comment_status":"closed","ping_status":"closed","template":"","meta":[],"_links":{"self":[{"href":"https:\/\/ente.org.pl\/index.php\/wp-json\/wp\/v2\/pages\/21"}],"collection":[{"href":"https:\/\/ente.org.pl\/index.php\/wp-json\/wp\/v2\/pages"}],"about":[{"href":"https:\/\/ente.org.pl\/index.php\/wp-json\/wp\/v2\/types\/page"}],"author":[{"embeddable":true,"href":"https:\/\/ente.org.pl\/index.php\/wp-json\/wp\/v2\/users\/1"}],"replies":[{"embeddable":true,"href":"https:\/\/ente.org.pl\/index.php\/wp-json\/wp\/v2\/comments?post=21"}],"version-history":[{"count":8,"href":"https:\/\/ente.org.pl\/index.php\/wp-json\/wp\/v2\/pages\/21\/revisions"}],"predecessor-version":[{"id":214,"href":"https:\/\/ente.org.pl\/index.php\/wp-json\/wp\/v2\/pages\/21\/revisions\/214"}],"wp:attachment":[{"href":"https:\/\/ente.org.pl\/index.php\/wp-json\/wp\/v2\/media?parent=21"}],"curies":[{"name":"wp","href":"https:\/\/api.w.org\/{rel}","templated":true}]}}