{"id":23,"date":"2023-04-26T11:01:48","date_gmt":"2023-04-26T09:01:48","guid":{"rendered":"http:\/\/nowa.ente.org.pl\/?page_id=23"},"modified":"2023-07-04T18:39:35","modified_gmt":"2023-07-04T16:39:35","slug":"rodo","status":"publish","type":"page","link":"https:\/\/ente.org.pl\/index.php\/rodo\/","title":{"rendered":"Ochrona Danych Osobowych"},"content":{"rendered":"\n<p>Administratorem Pani\/Pana danych osobowych jest Centrum Wsp\u00f3\u0142pracy Europejskiej,&nbsp;ul.&nbsp; E. Orzeszkowej 80A, 50-311 Wroc\u0142aw<\/p>\n\n\n\n<p>Kontakt w sprawach zwi\u0105zanych z ochron\u0105 danych osobowych:&nbsp;job@entepente.pl<\/p>\n\n\n\n<p><strong>Klauzula informacyjna \u2013 rekrutacja uczni\u00f3w.<\/strong><\/p>\n\n\n\n<p>Poni\u017cej informujemy w jaki spos\u00f3b przetwarzamy Pa\u0144stwa dane osobowe w zwi\u0105zku z procesem rekrutacji uczni\u00f3w do plac\u00f3wki.<\/p>\n\n\n\n<p>Zgodnie z art. 13 og\u00f3lnego rozporz\u0105dzenia o ochronie danych osobowych z dnia 27 kwietnia 2016 r. (Dz. Urz. UE L 119 z 04.05.2016) informujemy:<\/p>\n\n\n\n<pre class=\"wp-block-code\"><code>KTO B\u0118DZIE PRZETWARZA\u0106 PANI\/PANA DANE OSOBOWE  <\/code><\/pre>\n\n\n\n<p>Administratorem Pani\/Pana danych osobowych jest Centrum Wsp\u00f3\u0142pracy Europejskiej, ul. E. Orzeszkowej 80A, 50-311 Wroc\u0142aw<\/p>\n\n\n\n<pre class=\"wp-block-code\"><code>CEL PRZETWARZANIA<\/code><\/pre>\n\n\n\n<p>Dane osobowe kandydata i jego rodzic\u00f3w (opiekun\u00f3w prawnych) b\u0119d\u0105 przetwarzane w celu przyj\u0119cia dziecka do Plac\u00f3wki<\/p>\n\n\n\n<pre class=\"wp-block-code\"><code>CZAS PRZETWARZANIA<\/code><\/pre>\n\n\n\n<p>Dane osobowe Kandydata i jego rodzic\u00f3w (opiekun\u00f3w prawnych) przechowywane b\u0119d\u0105 przez okres:<\/p>\n\n\n\n<ul>\n<li>w przypadku przyj\u0119cia kandydata do plac\u00f3wki do ko\u0144ca okresu korzystania z us\u0142ug plac\u00f3wki<\/li>\n\n\n\n<li>w przypadku nieprzyj\u0119cia kandydata do plac\u00f3wki przez okres jednego roku od zako\u0144czenia procesu rekrutacji ZAKRES i PODSTAWA PRAWNA<\/li>\n<\/ul>\n\n\n\n<p>Dane osobowe Kandydata i jego rodzic\u00f3w (opiekun\u00f3w prawnych) przetwarzane b\u0119d\u0105 w zakresie wynikaj\u0105cym z przepis\u00f3w prawa o\u015bwiatowego i rozporz\u0105dze\u0144 dot. rekrutacji.<\/p>\n\n\n\n<p>Z uwagi na bezpiecze\u0144stwo, mo\u017ce by\u0107 r\u00f3wnie\u017c rejestrowany wizerunek Kandydata i jego rodzic\u00f3w (opiekun\u00f3w prawnych) przez system monitoringu (Art. 6 ust. 1 lit. e \u2013 interes publiczny)<\/p>\n\n\n\n<pre class=\"wp-block-code\"><code>KTO B\u0118DZIE ODBIORC\u0104 DANYCH<\/code><\/pre>\n\n\n\n<p>Odbiorcami Pani\/Pana danych osobowych b\u0119d\u0105 wy\u0142\u0105cznie podmioty uprawnione do uzyskania danych osobowych na podstawie przepis\u00f3w prawa, oraz biuro rachunkowe realizuj\u0105ce obs\u0142ug\u0119 kadrowo-p\u0142acow\u0105 i ksi\u0119gow\u0105 , firmy kurierskie i pocztowe w zakresie korespondencji i inne podmioty uczestnicz\u0105ce w realizacji zada\u0144 administratora (w tym inne plac\u00f3wki o\u015bwiatowe).<\/p>\n\n\n\n<p>Wszystkie wymienione podmioty b\u0119d\u0105 uczestniczy\u0142y w przetwarzaniu tylko w zakresie niezb\u0119dnym do realizacji ich zada\u0144 w zwi\u0105zku ze wsp\u00f3\u0142prac\u0105 z administratorem.<\/p>\n\n\n\n<pre class=\"wp-block-code\"><code>PRAWA <\/code><\/pre>\n\n\n\n<p>Posiada Pani\/Pan prawo do \u017c\u0105dania od administratora dost\u0119pu do danych osobowych, prawo do ich sprostowania, usuni\u0119cia lub ograniczenia przetwarzania, prawo do wniesienia sprzeciwu wobec przetwarzania, prawo do przenoszenia danych, prawo do cofni\u0119cia zgody w dowolnym momencie.<\/p>\n\n\n\n<p>W przypadku stwierdzenia naruszenia zasad przetwarzania danych osobowych ma Pani\/Pan prawo do wniesienia skargi do organu nadzorczego.<\/p>\n\n\n\n<p><strong>Klauzula informacyjna \u2013 uczniowie i rodzice\/opiekunowie prawni.<\/strong><\/p>\n\n\n\n<p>Poni\u017cej informujemy w jaki spos\u00f3b przetwarzamy Pa\u0144stwa dane osobowe w zwi\u0105zku z procesami dydaktycznymi, wychowawczymi i opieku\u0144czymi.<\/p>\n\n\n\n<p>Zgodnie z art. 13 og\u00f3lnego rozporz\u0105dzenia o ochronie danych osobowych z dnia 27 kwietnia 2016 r. (Dz. Urz. UE L 119 z 04.05.2016) informujemy:<\/p>\n\n\n\n<pre class=\"wp-block-code\"><code>KTO B\u0118DZIE PRZETWARZA\u0106 PANI\/PANA DANE OSOBOWE  <\/code><\/pre>\n\n\n\n<p>Administratorem Pani\/Pana danych osobowych jest Centrum Wsp\u00f3\u0142pracy Europejskiej, ul. E. Orzeszkowej 80A, 50-311 Wroc\u0142aw<\/p>\n\n\n\n<pre class=\"wp-block-code\"><code>CEL PRZETWARZANIA<\/code><\/pre>\n\n\n\n<p>Dane osobowe ucznia i rodzic\u00f3w (opiekun\u00f3w prawnych) b\u0119d\u0105 przetwarzane w celu realizacji zada\u0144 dydaktycznych, wychowawczych i opieku\u0144czych, przez Plac\u00f3wk\u0119, a tak\u017ce w celu zawarcia i realizacji umowy.<\/p>\n\n\n\n<pre class=\"wp-block-code\"><code>CZAS PRZETWARZANIA<\/code><\/pre>\n\n\n\n<p>Dane osobowe ucznia i rodzic\u00f3w (opiekun\u00f3w prawnych) przechowywane b\u0119d\u0105 przez okres wynikaj\u0105cy z przepis\u00f3w Ustawy z dnia 7 wrze\u015bnia 1991 r. o systemie o\u015bwiaty<\/p>\n\n\n\n<pre class=\"wp-block-code\"><code>ZAKRES i PODSTAWA PRAWNA<\/code><\/pre>\n\n\n\n<p>Dane osobowe ucznia i rodzic\u00f3w (opiekun\u00f3w prawnych) przetwarzane b\u0119d\u0105 w zakresie koniecznym do realizacji zada\u0144 dydaktycznych, wychowawczych i opieku\u0144czych, zgodnie z Ustaw\u0105 z dnia 7 wrze\u015bnia 1991 r. o systemie o\u015bwiaty, na podstawie Art. 6 ust. 1 lit. c og\u00f3lnego rozporz\u0105dzenia o ochronie danych osobowych z dnia 27 kwietnia 2016 r. Dane osobowe b\u0119d\u0105 przetwarzane tak\u017ce w zakresie koniecznym do zawarcia umowy (Art. 6 ust. 1 lit. b og\u00f3lnego rozporz\u0105dzenia o ochronie danych osobowych z dnia 27 kwietnia 2016 r.)<\/p>\n\n\n\n<p>Dane osobowe ucznia i rodzic\u00f3w (opiekun\u00f3w prawnych) mog\u0105 te\u017c by\u0107 wykorzystywane w zakresie wizerunku, na podstawie zgody (Art. 6 ust. 1, lit a RODO) w celu budowania pozytywnego wizerunku Administratora<\/p>\n\n\n\n<p>Z uwagi na bezpiecze\u0144stwo, mo\u017ce by\u0107 r\u00f3wnie\u017c rejestrowany Pa\u0144stwa wizerunek przez system monitoringu (Art. 6 ust. 1 lit. e \u2013 interes publiczny)<\/p>\n\n\n\n<pre class=\"wp-block-code\"><code>KTO B\u0118DZIE ODBIORC\u0104 DANYCH<\/code><\/pre>\n\n\n\n<p>Odbiorcami Pani\/Pana danych osobowych b\u0119d\u0105 wy\u0142\u0105cznie podmioty uprawnione do uzyskania danych osobowych na podstawie przepis\u00f3w prawa, oraz biuro rachunkowe realizuj\u0105ce obs\u0142ug\u0119 kadrowo-p\u0142acow\u0105 i ksi\u0119gow\u0105 , firmy  kurierskie i pocztowe w zakresie korespondencji, firmy przewozowe, firmy realizuj\u0105ce us\u0142ugi hotelowe (dla realizacji wycieczek) i inne podmioty uczestnicz\u0105ce w realizacji zada\u0144 administratora (w tym inne plac\u00f3wki o\u015bwiatowe).<\/p>\n\n\n\n<p>Wszystkie wymienione podmioty b\u0119d\u0105 uczestniczy\u0142y w przetwarzaniu tylko w zakresie niezb\u0119dnym do realizacji ich zada\u0144 w zwi\u0105zku ze wsp\u00f3\u0142prac\u0105 z administratorem.<\/p>\n\n\n\n<pre class=\"wp-block-code\"><code>PANI\/PANA PRAWA<\/code><\/pre>\n\n\n\n<p>Posiada Pani\/Pan prawo do \u017c\u0105dania od administratora dost\u0119pu do danych osobowych, prawo do ich sprostowania, usuni\u0119cia lub ograniczenia przetwarzania, prawo do wniesienia sprzeciwu wobec przetwarzania, prawo do przenoszenia danych, prawo do cofni\u0119cia zgody w dowolnym momencie.<\/p>\n\n\n\n<p>W przypadku stwierdzenia naruszenia zasad przetwarzania danych osobowych ma Pani\/Pan prawo do wniesienia skargi do organu nadzorczego.<\/p>\n\n\n\n<p><strong>Klauzula informacyjna \u2013 kandydaci do pracy.<\/strong><\/p>\n\n\n\n<p>Poni\u017cej informujemy w jaki spos\u00f3b przetwarzamy Pa\u0144stwa dane osobowe w zwi\u0105zku z procesem rekrutacji do pracy.<\/p>\n\n\n\n<p>Zgodnie z art. 13 og\u00f3lnego rozporz\u0105dzenia o ochronie danych osobowych z dnia 27 kwietnia 2016 r. (Dz. Urz. UE L 119 z 04.05.2016) informujemy:<\/p>\n\n\n\n<pre class=\"wp-block-code\"><code>KTO B\u0118DZIE PRZETWARZA\u0106 PANI\/PANA DANE OSOBOWE  <\/code><\/pre>\n\n\n\n<p>Administratorem Pani\/Pana danych osobowych jest Centrum Wsp\u00f3\u0142pracy Europejskiej, ul. E. Orzeszkowej 80A, 50-311 Wroc\u0142aw<\/p>\n\n\n\n<pre class=\"wp-block-code\"><code>CEL PRZETWARZANIA<\/code><\/pre>\n\n\n\n<p>Pani\/Pana dane osobowe przetwarzane b\u0119d\u0105 dla potrzeb aktualnej (przysz\u0142ych, je\u015bli wyrazi\u0142(a) Pan\/Pani na to zgod\u0119) rekrutacji- na podstawie Art. 6 ust. 1 lit. a og\u00f3lnego rozporz\u0105dzenia o ochronie danych osobowych z dnia 27 kwietnia 2016 r. oraz Kodeksu Pracy z dnia 26 czerwca 1974 r.<\/p>\n\n\n\n<pre class=\"wp-block-code\"><code>CZAS PRZETWARZANIA<\/code><\/pre>\n\n\n\n<p>Pani\/Pana dane osobowe przechowywane b\u0119d\u0105 przez okres 30 dni od sko\u0144czonej rekrutacji lub w przypadku udzielonej zgody na przysz\u0142e rekrutacje \u2013 czas przechowywania okre\u015blono na 2 lata<\/p>\n\n\n\n<pre class=\"wp-block-code\"><code>ZAKRES i PODSTAWA PRAWNA<\/code><\/pre>\n\n\n\n<p>Pani\/Pana dane osobowe przetwarzane b\u0119d\u0105 w zakresie wynikaj\u0105cym z prawa pracy (w przypadku nauczycieli tak\u017ce z Karty Nauczyciela) na podstawie Art. 6 ust. 1 lit. B og\u00f3lnego rozporz\u0105dzenia o ochronie danych osobowych. W pozosta\u0142ym zakresie dane b\u0119d\u0105 przetwarzane na podstawie zgody wyra\u017conej przez udzia\u0142 w rekrutacji (Art. 6 ust. 1 lit. A og\u00f3lnego rozporz\u0105dzenia o ochronie danych osobowych)<\/p>\n\n\n\n<pre class=\"wp-block-code\"><code>KTO B\u0118DZIE ODBIORC\u0104 DANYCH<\/code><\/pre>\n\n\n\n<p>Odbiorcami Pani\/Pana danych osobowych b\u0119d\u0105 wy\u0142\u0105cznie podmioty uprawnione do uzyskania danych osobowych na podstawie przepis\u00f3w prawa, oraz biuro rachunkowe realizuj\u0105ce obs\u0142ug\u0119 kadrowo-p\u0142acow\u0105 i ksi\u0119gow\u0105 , firmy kurierskie i pocztowe w zakresie korespondencji i inne podmioty uczestnicz\u0105ce w realizacji zada\u0144 administratora.<\/p>\n\n\n\n<p>Wszystkie wymienione podmioty b\u0119d\u0105 uczestniczy\u0142y w przetwarzaniu tylko w zakresie niezb\u0119dnym do realizacji ich zada\u0144 w zwi\u0105zku ze wsp\u00f3\u0142prac\u0105 z administratorem.<\/p>\n\n\n\n<pre class=\"wp-block-code\"><code>PANI\/PANA PRAWA<\/code><\/pre>\n\n\n\n<p>Posiada Pani\/Pan prawo do \u017c\u0105dania od administratora dost\u0119pu do danych osobowych, prawo do ich sprostowania, usuni\u0119cia lub ograniczenia przetwarzania, prawo do wniesienia sprzeciwu wobec przetwarzania, prawo do przenoszenia danych, prawo do cofni\u0119cia zgody w dowolnym momencie.<\/p>\n\n\n\n<p>W przypadku stwierdzenia naruszenia zasad przetwarzania danych osobowych ma Pani\/Pan prawo do wniesienia skargi do organu nadzorczego.<\/p>\n\n\n\n<p><strong>Klauzula informacyjna \u2013 pracownicy.<\/strong><\/p>\n\n\n\n<p>Poni\u017cej informujemy w jaki spos\u00f3b przetwarzamy Pa\u0144stwa dane osobowe w zwi\u0105zku z procesem zatrudnienia.<\/p>\n\n\n\n<p>Zgodnie z art. 13 og\u00f3lnego rozporz\u0105dzenia o ochronie danych osobowych z dnia 27 kwietnia 2016 r. (Dz. Urz. UE L 119 z 04.05.2016) informujemy:<\/p>\n\n\n\n<pre class=\"wp-block-code\"><code>KTO B\u0118DZIE PRZETWARZA\u0106 PANI\/PANA DANE OSOBOWE  <\/code><\/pre>\n\n\n\n<p>Administratorem Pani\/Pana danych osobowych jest Centrum Wsp\u00f3\u0142pracy Europejskiej, ul. E. Orzeszkowej 80A, 50-311 Wroc\u0142aw<\/p>\n\n\n\n<pre class=\"wp-block-code\"><code>CEL PRZETWARZANIA<\/code><\/pre>\n\n\n\n<p>Pani\/Pana dane osobowe b\u0119d\u0105 przetwarzane w celu zatrudniania i przyznawania \u015bwiadcze\u0144 socjalnych<\/p>\n\n\n\n<pre class=\"wp-block-code\"><code>CZAS PRZETWARZANIA<\/code><\/pre>\n\n\n\n<p>Pani\/Pana dane osobowe przechowywane b\u0119d\u0105 przez okres zatrudnienia i zgodnie z okresem wymaganym przez kodeks pracy<\/p>\n\n\n\n<ul>\n<li>50 lat po ustaniu stosunku pracy (dla os\u00f3b zatrudnionych przed 1 stycznia 2019), lub<\/li>\n\n\n\n<li>10 lat po ustaniu stosunku pracy (dla os\u00f3b zatrudnionych po 1 stycznia 2019) ZAKRES i PODSTAWA PRAWNA<\/li>\n<\/ul>\n\n\n\n<p>Pani\/Pana dane osobowe przetwarzane b\u0119d\u0105 w zakresie wynikaj\u0105cym z prawa pracy (w przypadku nauczycieli tak\u017ce z Karty Nauczyciela), a tak\u017ce w zakresie wynikaj\u0105cym z przepis\u00f3w dotycz\u0105cych obowi\u0105zk\u00f3w podatkowych i ubezpiecze\u0144 spo\u0142ecznych.<\/p>\n\n\n\n<p>Pani\/Pana dane osobowe mog\u0105 te\u017c by\u0107 wykorzystywane w zakresie wizerunku, na podstawie zgody (Art. 6 ust. 1, lit a RODO) w celu budowania pozytywnego wizerunku Administratora<\/p>\n\n\n\n<p>Z uwagi na bezpiecze\u0144stwo, mo\u017ce by\u0107 r\u00f3wnie\u017c rejestrowany Pa\u0144stwa wizerunek przez system monitoringu (Art. 6 ust. 1 lit. e \u2013 interes publiczny)<\/p>\n\n\n\n<pre class=\"wp-block-code\"><code>KTO B\u0118DZIE ODBIORC\u0104 DANYCH<\/code><\/pre>\n\n\n\n<p>Odbiorcami Pani\/Pana danych osobowych b\u0119d\u0105 wy\u0142\u0105cznie podmioty uprawnione do uzyskania danych osobowych na podstawie przepis\u00f3w prawa, oraz biuro rachunkowe realizuj\u0105ce obs\u0142ug\u0119 kadrowo-p\u0142acow\u0105 i ksi\u0119gow\u0105 , firmy kurierskie i pocztowe w zakresie korespondencji, firmy przewozowe, firmy realizuj\u0105ce us\u0142ugi hotelowe (dla realizacji wycieczek) i inne podmioty uczestnicz\u0105ce w realizacji zada\u0144 administratora.<\/p>\n\n\n\n<p>Wszystkie wymienione podmioty b\u0119d\u0105 uczestniczy\u0142y w przetwarzaniu tylko w zakresie niezb\u0119dnym do realizacji ich zada\u0144 w zwi\u0105zku ze wsp\u00f3\u0142prac\u0105 z administratorem.<\/p>\n\n\n\n<pre class=\"wp-block-code\"><code>PANI\/PANA PRAWA<\/code><\/pre>\n\n\n\n<p>Posiada Pani\/Pan prawo do \u017c\u0105dania od administratora dost\u0119pu do danych osobowych, prawo do ich sprostowania, usuni\u0119cia lub ograniczenia przetwarzania, prawo do wniesienia sprzeciwu wobec przetwarzania, prawo do przenoszenia danych, prawo do cofni\u0119cia zgody w dowolnym momencie.<\/p>\n\n\n\n<p>W przypadku stwierdzenia naruszenia zasad przetwarzania danych osobowych ma Pani\/Pan prawo do wniesienia skargi do organu nadzorczego.<\/p>\n\n\n\n<p><strong>Klauzula informacyjna \u2013 korespondencja elektroniczna.<\/strong><\/p>\n\n\n\n<p>Poni\u017cej informujemy w jaki spos\u00f3b przetwarzamy Pa\u0144stwa dane osobowe w zwi\u0105zku z procesem korespondencji elektronicznej.<\/p>\n\n\n\n<p>Zgodnie z art. 13 og\u00f3lnego rozporz\u0105dzenia o ochronie danych osobowych z dnia 27 kwietnia 2016 r. (Dz. Urz. UE L 119 z 04.05.2016) informujemy:<\/p>\n\n\n\n<pre class=\"wp-block-code\"><code>KTO B\u0118DZIE PRZETWARZA\u0106 PANI\/PANA DANE OSOBOWE  <\/code><\/pre>\n\n\n\n<p>Administratorem Pani\/Pana danych osobowych jest Centrum Wsp\u00f3\u0142pracy Europejskiej, ul. E. Orzeszkowej 80A, 50-311 Wroc\u0142aw<\/p>\n\n\n\n<pre class=\"wp-block-code\"><code>CEL PRZETWARZANIA<\/code><\/pre>\n\n\n\n<p>Pani\/Pana dane osobowe b\u0119d\u0105 przetwarzane w celu zwi\u0105zanym z dan\u0105 korespondencj\u0105.<\/p>\n\n\n\n<pre class=\"wp-block-code\"><code>CZAS PRZETWARZANIA<\/code><\/pre>\n\n\n\n<p>Czas przechowywania Pani\/Pana danych osobowych wynika\u0107 b\u0119dzie z tematu korespondencji. Je\u015bli jednak ustanie konieczno\u015b\u0107 kontaktu, a temat korespondencji nie b\u0119dzie wymaga\u0142 d\u0142u\u017cszego okresu to po okresie 2 lat dane zostan\u0105 usuni\u0119te.<\/p>\n\n\n\n<pre class=\"wp-block-code\"><code>ZAKRES i PODSTAWA PRAWNA<\/code><\/pre>\n\n\n\n<p>Pani\/Pana dane osobowe przetwarzane b\u0119d\u0105 w zakresie obejmuj\u0105cym adres e-mail i dane zawarte w tre\u015bci korespondencji. Przetwarzane b\u0119d\u0105 w zale\u017cno\u015bci od tre\u015bci korespondencji na podstawie obowi\u0105zk\u00f3w wynikaj\u0105cych z przepis\u00f3w prawa dot. jednostki publicznej jak\u0105 jest administrator, b\u0105d\u017a te\u017c na podstawie zgody wyra\u017conej przez Pani\u0105\/Pana w korespondencji.<\/p>\n\n\n\n<pre class=\"wp-block-code\"><code> KTO B\u0118DZIE ODBIORC\u0104 DANYCH<\/code><\/pre>\n\n\n\n<p>Odbiorcami Pani\/Pana danych osobowych b\u0119d\u0105 wy\u0142\u0105cznie podmioty uprawnione do uzyskania danych osobowych na podstawie przepis\u00f3w prawa, firmy kurierskie i pocztowe w zakresie korespondencji i inne podmioty uczestnicz\u0105ce w realizacji zada\u0144 administratora (w tym inne plac\u00f3wki o\u015bwiatowe).<\/p>\n\n\n\n<p>Wszystkie wymienione podmioty b\u0119d\u0105 uczestniczy\u0142y w przetwarzaniu tylko w zakresie niezb\u0119dnym do realizacji ich zada\u0144 w zwi\u0105zku ze wsp\u00f3\u0142prac\u0105 z administratorem.<\/p>\n\n\n\n<pre class=\"wp-block-code\"><code>PANI\/PANA PRAWA<\/code><\/pre>\n\n\n\n<p>Posiada Pani\/Pan prawo do \u017c\u0105dania od administratora dost\u0119pu do danych osobowych, prawo do ich sprostowania, usuni\u0119cia lub ograniczenia przetwarzania, prawo do wniesienia sprzeciwu wobec przetwarzania, prawo do przenoszenia danych, prawo do cofni\u0119cia zgody w dowolnym momencie.<\/p>\n\n\n\n<p>W przypadku stwierdzenia naruszenia zasad przetwarzania danych osobowych ma Pani\/Pan prawo do wniesienia skargi do organu nadzorczego.<\/p>\n\n\n\n<p><strong>Klauzula informacyjna \u2013 korespondencja papierowa.<\/strong><\/p>\n\n\n\n<p>Poni\u017cej informujemy w jaki spos\u00f3b przetwarzamy Pa\u0144stwa dane osobowe w zwi\u0105zku z korespondencj\u0105 papierow\u0105.<\/p>\n\n\n\n<p>Zgodnie z art. 13 og\u00f3lnego rozporz\u0105dzenia o ochronie danych osobowych z dnia 27 kwietnia 2016 r. (Dz. Urz. UE L 119 z 04.05.2016) informujemy:<\/p>\n\n\n\n<pre class=\"wp-block-code\"><code>KTO B\u0118DZIE PRZETWARZA\u0106 PANI\/PANA DANE OSOBOWE  <\/code><\/pre>\n\n\n\n<p>Administratorem Pani\/Pana danych osobowych jest Centrum Wsp\u00f3\u0142pracy Europejskiej, ul. E. Orzeszkowej 80A, 50-311 Wroc\u0142aw<\/p>\n\n\n\n<pre class=\"wp-block-code\"><code>CEL PRZETWARZANIA<\/code><\/pre>\n\n\n\n<p>Pani\/Pana dane osobowe b\u0119d\u0105 przetwarzane w celu prowadzenia korespondencji w formie papierowej<\/p>\n\n\n\n<pre class=\"wp-block-code\"><code>CZAS PRZETWARZANIA<\/code><\/pre>\n\n\n\n<p>Czas przechowywania Pani\/Pana danych osobowych wynika\u0107 b\u0119dzie z tematu korespondencji. Je\u015bli jednak ustanie konieczno\u015b\u0107 kontaktu, a temat korespondencji nie b\u0119dzie wymaga\u0142 d\u0142u\u017cszego okresu to po okresie 2 lat dane zostan\u0105 usuni\u0119te.<\/p>\n\n\n\n<p>ZAKRES i PODSTAWA PRAWNA<\/p>\n\n\n\n<p>Pani\/Pana dane osobowe przetwarzane b\u0119d\u0105 w zakresie obejmuj\u0105cym imi\u0119, nazwisko, adres zamieszkania i dane zawarte w tre\u015bci korespondencji. Przetwarzane b\u0119d\u0105 w zale\u017cno\u015bci od tre\u015bci korespondencji na podstawie obowi\u0105zk\u00f3w wynikaj\u0105cych z przepis\u00f3w prawa dot. jednostki publicznej jak\u0105 jest administrator, b\u0105d\u017a te\u017c na podstawie zgody wyra\u017conej przez Pani\u0105\/Pana w korespondencji.<\/p>\n\n\n\n<p>Z uwagi na bezpiecze\u0144stwo, mo\u017ce by\u0107 r\u00f3wnie\u017c rejestrowany Pa\u0144stwa wizerunek przez system monitoringu (Art. 6 ust. 1 lit. e \u2013 interes publiczny)<\/p>\n\n\n\n<pre class=\"wp-block-code\"><code>KTO B\u0118DZIE ODBIORC\u0104 DANYCH<\/code><\/pre>\n\n\n\n<p>Odbiorcami Pani\/Pana danych osobowych b\u0119d\u0105 wy\u0142\u0105cznie podmioty uprawnione do uzyskania danych osobowych na podstawie przepis\u00f3w prawa firmy kurierskie i pocztowe w zakresie korespondencji i inne podmioty uczestnicz\u0105ce w realizacji zada\u0144 administratora.<\/p>\n\n\n\n<p>Wszystkie wymienione podmioty b\u0119d\u0105 uczestniczy\u0142y w przetwarzaniu tylko w zakresie niezb\u0119dnym do realizacji ich zada\u0144 w zwi\u0105zku ze wsp\u00f3\u0142prac\u0105 z administratorem.<\/p>\n\n\n\n<pre class=\"wp-block-code\"><code>PANI\/PANA PRAWA<\/code><\/pre>\n\n\n\n<p>Posiada Pani\/Pan prawo do \u017c\u0105dania od administratora dost\u0119pu do danych osobowych, prawo do ich sprostowania, usuni\u0119cia lub ograniczenia przetwarzania, prawo do wniesienia sprzeciwu wobec przetwarzania, prawo do przenoszenia danych, prawo do cofni\u0119cia zgody w dowolnym momencie.<\/p>\n\n\n\n<p>W przypadku stwierdzenia naruszenia zasad przetwarzania danych osobowych ma Pani\/Pan prawo do wniesienia skargi do organu nadzorczego.<\/p>\n","protected":false},"excerpt":{"rendered":"<p>Administratorem Pani\/Pana danych osobowych jest Centrum Wsp\u00f3\u0142pracy Europejskiej,&nbsp;ul.&nbsp; E. Orzeszkowej 80A, 50-311 Wroc\u0142aw Kontakt w sprawach zwi\u0105zanych z ochron\u0105 danych osobowych:&nbsp;job@entepente.pl Klauzula informacyjna \u2013 rekrutacja uczni\u00f3w. Poni\u017cej informujemy w jaki spos\u00f3b przetwarzamy Pa\u0144stwa dane osobowe w zwi\u0105zku z procesem rekrutacji uczni\u00f3w do plac\u00f3wki. Zgodnie z art. 13 og\u00f3lnego rozporz\u0105dzenia o ochronie danych osobowych z dnia [&hellip;]<\/p>\n","protected":false},"author":1,"featured_media":0,"parent":0,"menu_order":0,"comment_status":"closed","ping_status":"closed","template":"","meta":[],"_links":{"self":[{"href":"https:\/\/ente.org.pl\/index.php\/wp-json\/wp\/v2\/pages\/23"}],"collection":[{"href":"https:\/\/ente.org.pl\/index.php\/wp-json\/wp\/v2\/pages"}],"about":[{"href":"https:\/\/ente.org.pl\/index.php\/wp-json\/wp\/v2\/types\/page"}],"author":[{"embeddable":true,"href":"https:\/\/ente.org.pl\/index.php\/wp-json\/wp\/v2\/users\/1"}],"replies":[{"embeddable":true,"href":"https:\/\/ente.org.pl\/index.php\/wp-json\/wp\/v2\/comments?post=23"}],"version-history":[{"count":5,"href":"https:\/\/ente.org.pl\/index.php\/wp-json\/wp\/v2\/pages\/23\/revisions"}],"predecessor-version":[{"id":174,"href":"https:\/\/ente.org.pl\/index.php\/wp-json\/wp\/v2\/pages\/23\/revisions\/174"}],"wp:attachment":[{"href":"https:\/\/ente.org.pl\/index.php\/wp-json\/wp\/v2\/media?parent=23"}],"curies":[{"name":"wp","href":"https:\/\/api.w.org\/{rel}","templated":true}]}}