{"id":7,"date":"2023-04-26T10:59:10","date_gmt":"2023-04-26T08:59:10","guid":{"rendered":"http:\/\/nowa.ente.org.pl\/?page_id=7"},"modified":"2023-04-27T09:38:06","modified_gmt":"2023-04-27T07:38:06","slug":"o-nas","status":"publish","type":"page","link":"https:\/\/ente.org.pl\/","title":{"rendered":"O nas"},"content":{"rendered":"\n<div class=\"wp-block-columns is-layout-flex wp-container-4\">\n<div class=\"wp-block-column col_green front has-background is-layout-flow\" style=\"background-color:#9bba1f\">\n<h2 class=\"wp-block-heading\">O NAS<\/h2>\n\n\n\n<p>Przedszkole ente jest miejscem, do kt\u00f3rego dzieci lubi\u0105 przychodzi\u0107&nbsp; i niech\u0119tnie st\u0105d wychodz\u0105 \u2013 na tym nam najbardziej zale\u017cy i to sobie szczerze cenimy.<\/p>\n\n\n\n<p>Nasze przedszkole nazywa si\u0119 j\u0119zykowe, my \u2013 wychowawcy i asystenci wychowawc\u00f3w m\u00f3wimy do dzieci w j\u0119zyku obcym, a one odpowiadaj\u0105 nam w j\u0119zyku polskim lub obcym. Niekt\u00f3rzy asystenci nie rozumiej\u0105 j\u0119zyka polskiego wi\u0119c trzeba si\u0119 z nimi porozumie\u0107 w jaki\u015b inny spos\u00f3b \u2013 u\u017cycie angielskiego zwykle okazuje si\u0119 skuteczne. Naszym celem jest wytworzenie u dzieci pozytywnych skojarze\u0144 z j\u0119zykiem obcym, dlatego dzieci do niczego nie s\u0105 zmuszane \u2013 ucz\u0105 si\u0119 j\u0119zyka obcego w naturalny spos\u00f3b, tak jak nauczy\u0142y si\u0119 swojego j\u0119zyka ojczystego.&nbsp;<\/p>\n\n\n\n<p class=\"readmore\"><a href=\"http:\/\/ente.org.pl\/index.php\/what-is-our-school\">Czytaj wi\u0119cej&#8230;<\/a><\/p>\n<\/div>\n\n\n\n<div class=\"wp-block-column col_orange front has-background is-layout-flow\" style=\"background-color:#ffa200\">\n<h2 class=\"wp-block-heading\">KONTAKT<\/h2>\n\n\n\n<iframe src=\"https:\/\/www.google.com\/maps\/embed?pb=!1m18!1m12!1m3!1d2504.258967150274!2d17.0571657!3d51.1221311!2m3!1f0!2f0!3f0!3m2!1i1024!2i768!4f13.1!3m3!1m2!1s0x470fe9ce8ef724a7%3A0x76c6586134757a55!2sElizy%20Orzeszkowej%2080A%2C%2050-311%20Wroc%C5%82aw!5e0!3m2!1spl!2spl!4v1682505280729!5m2!1spl!2spl\" width=\"400\" height=\"300\" style=\"border:0;\" allowfullscreen=\"\" loading=\"lazy\" referrerpolicy=\"no-referrer-when-downgrade\"><\/iframe>\n\n\n\n<p><\/p>\n\n\n\n<p>Adres:&nbsp;<br>Wroc\u0142aw ul. E.Orzeszkowej 80A<br><\/p>\n\n\n\n<p>Mail: <a href=\"mailto:kochplus@wp.pl\">kochplus@wp.pl<\/a><br><\/p>\n\n\n\n<p>Telefon: 71 3224886<\/p>\n\n\n\n<p class=\"readmore\"><a href=\"\/index.php\/locations\">wi\u0119cej &#8230;<\/a><\/p>\n<\/div>\n\n\n\n<div class=\"wp-block-column col_red front has-background is-layout-flow\" style=\"background-color:#ca3535\">\n<h2 class=\"wp-block-heading\">OPINIE<\/h2>\n\n\n\n<p>Moja c\u00f3rka zacz\u0119\u0142a ucz\u0119szcza\u0107 do przedszkola Ente zanim sko\u0144czy\u0142a 3 lata, \u015bwietnie odnalaz\u0142a si\u0119 w grupie mieszanej wiekowo. Jest nieszcz\u0119\u015bliwa je\u015bli z powodu choroby nie mo\u017ce p\u00f3j\u015b\u0107 do przedszkola. To najwi\u0119ksza dla Niej &#8222;kara&#8221;. Codziennie jest &#8222;kwa\u015bna&#8221; mina, kiedy j\u0105 szybciej odbieramy. Uwielbia jedzenie Pa\u0144 Kucharek, ja sama z rana ch\u0119tnie do\u0142\u0105czy\u0142abym si\u0119 do przedszkolnego \u015bniadania \ud83d\ude42 Podczas wakacyjnych, zagranicznych wyjazd\u00f3w c\u00f3rcia zaskoczy\u0142a nas otwarto\u015bci\u0105 i zrozumieniem, kiedy m\u00f3wiono do Niej po angielsku, potrafi\u0142a odpowiedzie\u0107 i nie czu\u0142a si\u0119 za\u017cenowana tym, \u017ce kto\u015b do Niej nie m\u00f3wi po polsku. B\u0119dzie bardzo ci\u0119\u017cko rozsta\u0107 nam si\u0119 ze wspania\u0142ym personelem i tym miejscem! Na szcz\u0119\u015bcie jeszcze przez rok c\u00f3rka b\u0119dzie w pe\u0142ni korzysta\u0107 z &#8222;dobrodziejstw&#8221; przedszkola Ente!<\/p>\n\n\n\n<p class=\"readmore\">\n<a href=\"\/index.php\/get-involved\">Czytaj wi\u0119cej&#8230;<\/a><\/p>\n<\/div>\n<\/div>\n","protected":false},"excerpt":{"rendered":"<p>O NAS Przedszkole ente jest miejscem, do kt\u00f3rego dzieci lubi\u0105 przychodzi\u0107&nbsp; i niech\u0119tnie st\u0105d wychodz\u0105 \u2013 na tym nam najbardziej zale\u017cy i to sobie szczerze cenimy. Nasze przedszkole nazywa si\u0119 j\u0119zykowe, my \u2013 wychowawcy i asystenci wychowawc\u00f3w m\u00f3wimy do dzieci w j\u0119zyku obcym, a one odpowiadaj\u0105 nam w j\u0119zyku polskim lub obcym. Niekt\u00f3rzy asystenci nie [&hellip;]<\/p>\n","protected":false},"author":1,"featured_media":0,"parent":0,"menu_order":0,"comment_status":"closed","ping_status":"closed","template":"","meta":[],"_links":{"self":[{"href":"https:\/\/ente.org.pl\/index.php\/wp-json\/wp\/v2\/pages\/7"}],"collection":[{"href":"https:\/\/ente.org.pl\/index.php\/wp-json\/wp\/v2\/pages"}],"about":[{"href":"https:\/\/ente.org.pl\/index.php\/wp-json\/wp\/v2\/types\/page"}],"author":[{"embeddable":true,"href":"https:\/\/ente.org.pl\/index.php\/wp-json\/wp\/v2\/users\/1"}],"replies":[{"embeddable":true,"href":"https:\/\/ente.org.pl\/index.php\/wp-json\/wp\/v2\/comments?post=7"}],"version-history":[{"count":16,"href":"https:\/\/ente.org.pl\/index.php\/wp-json\/wp\/v2\/pages\/7\/revisions"}],"predecessor-version":[{"id":136,"href":"https:\/\/ente.org.pl\/index.php\/wp-json\/wp\/v2\/pages\/7\/revisions\/136"}],"wp:attachment":[{"href":"https:\/\/ente.org.pl\/index.php\/wp-json\/wp\/v2\/media?parent=7"}],"curies":[{"name":"wp","href":"https:\/\/api.w.org\/{rel}","templated":true}]}}